{"id":57,"date":"2021-07-27T06:17:31","date_gmt":"2021-07-27T06:17:31","guid":{"rendered":"https:\/\/wordpressriverthemes.com\/solion\/?page_id=57"},"modified":"2023-12-11T10:17:36","modified_gmt":"2023-12-11T10:17:36","slug":"about-us","status":"publish","type":"page","link":"https:\/\/www.s4f.com.tr\/index.php\/about-us\/","title":{"rendered":"Hakk\u0131m\u0131zda"},"content":{"rendered":"<div class=\"wpb-content-wrapper\"><p>[vc_row][vc_column]<!-- Star About Area\n    ============================================= -->\n    <div class=\"about-area center-responsive default-padding\">\n        <div class=\"container\">\n            <div class=\"row align-center\">\n                <div class=\"col-lg-6\">\n                    <div class=\"thumb\">\n                        <img src=\"https:\/\/www.s4f.com.tr\/wp-content\/uploads\/2021\/07\/3-4.jpg\" alt=\"Thumb\">\n                    <\/div>\n                <\/div>\n                <div class=\"col-lg-6 info center-responsive\">\n                    <h5>\u015eirketimizi Ke\u015ffedin<\/h5>\n                    <h2 class=\"area-title\">BT ve SAP Uzmanlar\u0131n\u0131n G\u00fcc\u00fc<\/h2>\n                    <p>\n                        \u0130\u015fletmenizin BT altyap\u0131s\u0131n\u0131n sorunsuz ve g\u00fc\u00e7l\u00fc olmas\u0131, dijital d\u00f6n\u00fc\u015f\u00fcm\u00fcn\u00fcz\u00fcn temelini olu\u015fturur. S4F ekibi, alan\u0131nda uzman BT y\u00f6netimi ve SAP dan\u0131\u015fmanl\u0131\u011f\u0131yla i\u015fletmenizin s\u00fcre\u00e7lerini optimize ediyor, verimlili\u011finizi art\u0131r\u0131yor ve rekabet avantaj\u0131n\u0131z\u0131 peki\u015ftiriyoruz.\n                    <\/p>\n                    <ul class=\"achivement\"><li>\n                            <div class=\"fun-fact\">\n                                <div class=\"counter\">\n                                    <div class=\"timer\" data-to=\"875\" data-speed=\"5000\">875<\/div>\n                                    <div class=\"operator\">+<\/div>\n                                <\/div>\n                                <span class=\"medium\">Global Presence<\/span>\n                            <\/div>\n                        <\/li><li>\n                            <div class=\"fun-fact\">\n                                <div class=\"counter\">\n                                    <div class=\"timer\" data-to=\"100\" data-speed=\"5000\">100<\/div>\n                                    <div class=\"operator\">%<\/div>\n                                <\/div>\n                                <span class=\"medium\">Satisfaction<\/span>\n                            <\/div>\n                        <\/li><\/ul>\n                <\/div>\n            <\/div>\n        <\/div>\n    <\/div>\n    <!-- End About Area -->[\/vc_column][\/vc_row][vc_row][vc_column]<!-- Start Why Choose Us \n    ============================================= -->\n    <div class=\"choose-us-area overflow-hidden reverse default-padding bg-gray\">\n        <div class=\"container\">\n            <div class=\"row align-center\">\n                \n                <div class=\"col-lg-6 info wow fadeInUp\">\n                    <h5>Neden Bizi Se\u00e7melisiniz<\/h5>\n                    <h2 class=\"area-title\">Birlikte Gelece\u011fe Ad\u0131m Atal\u0131m<\/h2>\n                    <p>\n                        Biz, i\u015fletmenizin dijital d\u00f6n\u00fc\u015f\u00fcm\u00fcnde sizinle birlikte \u00e7al\u0131\u015fmak i\u00e7in sab\u0131rs\u0131zlan\u0131yoruz. Size \u00f6zel \u00e7\u00f6z\u00fcmler sunmak, i\u015fletmenizin potansiyelini tam anlam\u0131yla ortaya \u00e7\u0131karmak ve rekabet\u00e7i bir avantaj sa\u011flamak i\u00e7in ileti\u015fime ge\u00e7in. Birlikte, i\u015fletmenizin gelece\u011fe g\u00fcvenle y\u00fcr\u00fcmesini sa\u011flayal\u0131m.\n                    <\/p>\n                    <ul>\n                        <li>S4F ekibiyle gelece\u011fe ad\u0131m at\u0131n, i\u015finizi b\u00fcy\u00fct\u00fcn.<\/li>\n                        <li>Size \u00f6zel \u00e7\u00f6z\u00fcmler sunarak i\u015fletmenizi zirveye ta\u015f\u0131yoruz.<\/li>\n                    <\/ul>\n                    <div class=\"contact\">\n                        <p>\n                             Ekibimize kat\u0131l\u0131n\n                        <\/p>\n                        <h4><i class=\"fas fa-phone\"><\/i> +90 536 600 18 08<\/h4>\n                    <\/div>\n                <\/div>\n                <div class=\"col-lg-6\">\n                    <div class=\"thumb wow fadeInRight\" data-wow-delay=\"0.6s\">\n                        <img src=\"https:\/\/www.s4f.com.tr\/wp-content\/uploads\/2021\/07\/1-3.png\" alt=\"Thumb\">\n                    <\/div>\n                <\/div>\n\n            <\/div>\n        <\/div>\n    <\/div>\n    <!-- End Why Choose Us Area -->[\/vc_column][\/vc_row][vc_row disable_element=&#8221;yes&#8221;][vc_column]<!-- Start Team Us \n    ============================================= -->\n    <div class=\"team-area grid-layout default-padding-bottom bottom-less\">\n        <!-- Fixed BG -->\n        <div class=\"fixed-shape-bottom\">\n            <img src=\"https:\/\/www.s4f.com.tr\/wp-content\/uploads\/2021\/07\/bg-6-1.png\" alt=\"Shape\">\n        <\/div>\n        <!-- End Fixed BG -->\n        <div class=\"container\">\n            <div class=\"row\">\n                <div class=\"col-lg-8 offset-lg-2\">\n                    <div class=\"site-heading text-center\">\n                        <h5>Team Members<\/h5>\n                        <h2 class=\"area-title\">Meet our professional andexpert team members<\/h2>\n                        <div class=\"devider\"><\/div>\n                        <p>\n                            Outlived no dwelling denoting in peculiar as he believed. Behaviour excellent middleton be as it curiosity departure ourselves very extreme future.\n                        <\/p>\n                    <\/div>\n                <\/div>\n            <\/div>\n        <\/div>\n        <div class=\"container\">\n            <div class=\"team-items text-center\">\n                <div class=\"row\"><!-- Single item -->\n                    <div class=\"single-item col-lg-4 col-md-6\">\n                        <div class=\"item\">\n                            <div class=\"thumb\">\n                                <img src=\"\" alt=\"Thumb\">\n                                <div class=\"social\">\n                                    <ul>\n                                        <li class=\"instagram\">\n                                            <a href=\"#\">\n                                                <i class=\"fab fa-instagram\"><\/i>\n                                            <\/a>\n                                        <\/li>\n                                        <li class=\"facebook\">\n                                            <a href=\"#\">\n                                                <i class=\"fab fa-facebook-f\"><\/i>\n                                            <\/a>\n                                        <\/li>\n                                        <li class=\"twitter\">\n                                            <a href=\"#\">\n                                                <i class=\"fab fa-twitter\"><\/i>\n                                            <\/a>\n                                        <\/li>\n                                    <\/ul>\n                                <\/div>\n                            <\/div>\n                            <div class=\"info-box\">\n                                <div class=\"info\">\n                                     <h5><a href=\"https:\/\/wordpressriverthemes.com\/solion\/team-single\/\">Monas Paul<\/a><\/h5>\n                                <span>Product Designer<\/span>\n                                <\/div>\n                            <\/div>\n                        <\/div>\n                    <\/div>\n                    <!-- End Single item --><!-- Single item -->\n                    <div class=\"single-item col-lg-4 col-md-6\">\n                        <div class=\"item\">\n                            <div class=\"thumb\">\n                                <img src=\"https:\/\/www.s4f.com.tr\/wp-content\/uploads\/2021\/07\/7-3.jpg\" alt=\"Thumb\">\n                                <div class=\"social\">\n                                    <ul>\n                                        <li class=\"instagram\">\n                                            <a href=\"#\">\n                                                <i class=\"fab fa-instagram\"><\/i>\n                                            <\/a>\n                                        <\/li>\n                                        <li class=\"facebook\">\n                                            <a href=\"#\">\n                                                <i class=\"fab fa-facebook-f\"><\/i>\n                                            <\/a>\n                                        <\/li>\n                                        <li class=\"twitter\">\n                                            <a href=\"#\">\n                                                <i class=\"fab fa-twitter\"><\/i>\n                                            <\/a>\n                                        <\/li>\n                                    <\/ul>\n                                <\/div>\n                            <\/div>\n                            <div class=\"info-box\">\n                                <div class=\"info\">\n                                     <h5><a href=\"https:\/\/wordpressriverthemes.com\/solion\/team-single\/\">Adham Jones<\/a><\/h5>\n                                <span>President &amp; CEO<\/span>\n                                <\/div>\n                            <\/div>\n                        <\/div>\n                    <\/div>\n                    <!-- End Single item --><!-- Single item -->\n                    <div class=\"single-item col-lg-4 col-md-6\">\n                        <div class=\"item\">\n                            <div class=\"thumb\">\n                                <img src=\"https:\/\/www.s4f.com.tr\/wp-content\/uploads\/2021\/07\/3-1-1.jpg\" alt=\"Thumb\">\n                                <div class=\"social\">\n                                    <ul>\n                                        <li class=\"instagram\">\n                                            <a href=\"#\">\n                                                <i class=\"fab fa-instagram\"><\/i>\n                                            <\/a>\n                                        <\/li>\n                                        <li class=\"facebook\">\n                                            <a href=\"#\">\n                                                <i class=\"fab fa-facebook-f\"><\/i>\n                                            <\/a>\n                                        <\/li>\n                                        <li class=\"twitter\">\n                                            <a href=\"#\">\n                                                <i class=\"fab fa-twitter\"><\/i>\n                                            <\/a>\n                                        <\/li>\n                                    <\/ul>\n                                <\/div>\n                            <\/div>\n                            <div class=\"info-box\">\n                                <div class=\"info\">\n                                     <h5><a href=\"https:\/\/wordpressriverthemes.com\/solion\/team-single\/\">Duan Evua<\/a><\/h5>\n                                <span>Project Manager<\/span>\n                                <\/div>\n                            <\/div>\n                        <\/div>\n                    <\/div>\n                    <!-- End Single item --><\/div>\n            <\/div>\n        <\/div>\n    <\/div>\n    <!-- End Team Area -->[\/vc_column][\/vc_row][vc_row disable_element=&#8221;yes&#8221;][vc_column]<!-- Start Fun Factor Area\n    ============================================= -->\n    <div class=\"fun-fact-area text-light text-center default-padding bg-gradient\">\n        <div class=\"container\">\n            <div class=\"fun-fact-items\">\n                <div class=\"row\"><div class=\"col-lg-3 col-md-6 item\">\n                        <div class=\"fun-fact\">\n                            <div class=\"counter\">\n                                <div class=\"timer\" data-to=\"58\" data-speed=\"5000\">58<\/div>\n                                    <div class=\"operator\">K<\/div>\n                            <\/div>\n                            <span class=\"medium\">Happy Clients<\/span>\n                        <\/div>\n                    <\/div><div class=\"col-lg-3 col-md-6 item\">\n                        <div class=\"fun-fact\">\n                            <div class=\"counter\">\n                                <div class=\"timer\" data-to=\"875\" data-speed=\"5000\">875<\/div>\n                                    <div class=\"operator\">+<\/div>\n                            <\/div>\n                            <span class=\"medium\">Finished Projects<\/span>\n                        <\/div>\n                    <\/div><div class=\"col-lg-3 col-md-6 item\">\n                        <div class=\"fun-fact\">\n                            <div class=\"counter\">\n                                <div class=\"timer\" data-to=\"42\" data-speed=\"5000\">42<\/div>\n                                    <div class=\"operator\">+<\/div>\n                            <\/div>\n                            <span class=\"medium\">Skilled Experts<\/span>\n                        <\/div>\n                    <\/div><div class=\"col-lg-3 col-md-6 item\">\n                        <div class=\"fun-fact\">\n                            <div class=\"counter\">\n                                <div class=\"timer\" data-to=\"100\" data-speed=\"5000\">100<\/div>\n                                    <div class=\"operator\">%<\/div>\n                            <\/div>\n                            <span class=\"medium\">Satisfaction<\/span>\n                        <\/div>\n                    <\/div><\/div>\n            <\/div>\n        <\/div>\n    <\/div>\n    <!-- End Fun Factor Area -->[\/vc_column][\/vc_row][vc_row][vc_column]<!-- Star Faq\n    ============================================= -->\n    <div class=\"faq-area overflow-hidden rectangular-shape default-padding\">\n        <div class=\"container\">\n            <div class=\"faq-items\">\n                <div class=\"row align-center\">\n\n                    <div class=\"col-lg-6\">\n                        <div class=\"thumb wow fadeInLeft\" data-wow-delay=\"0.5s\">\n                            <img src=\"https:\/\/www.s4f.com.tr\/wp-content\/uploads\/2021\/07\/4-3.png\" alt=\"Thumb\">\n                        <\/div>\n                    <\/div>\n\n                    <div class=\"col-lg-6\">\n                        <div class=\"faq-content\">\n                            <h5>SSS<\/h5>\n                            <h2 class=\"area-title\">Hizmetlerimiz Hakk\u0131nda En S\u0131k Sorulanlar.<\/h2>\n                            <div class=\"accordion\" id=\"accordionExample\"><div class=\"card\">\n    <div class=\"card-header\" id=\"headingOne\">\n        <h4 class=\"mb-0\" data-toggle=\"collapse\" data-target=\"#collapseOne\" aria-expanded=\"true\" aria-controls=\"collapseOne\">\n              Where can I get analytics help??\n        <\/h4>\n    <\/div>\n\n    <div id=\"collapseOne\" class=\"collapse show\" aria-labelledby=\"headingOne\" data-parent=\"#accordionExample\">\n        <div class=\"card-body\">\n            <p>\n                Lorem ipsum dolor sit amet, consectetur adipisicing elit. Qui consectetur at, sunt maxime, quod alias ullam officiis, ex necessitatibus similique odio aut! Provident, adipisci esse vero magni necessitatibus quisquam commodi.\n            <\/p>\n        <\/div>\n    <\/div>\n<\/div><div class=\"card\">\n    <div class=\"card-header\" id=\"headingTwo\">\n        <h4 class=\"mb-0\" data-toggle=\"collapse\" data-target=\"#collapseTwo\" aria-expanded=\"true\" aria-controls=\"collapseTwo\">\n              How much does data analytics costs??\n        <\/h4>\n    <\/div>\n\n    <div id=\"collapseTwo\" class=\"collapse \" aria-labelledby=\"headingTwo\" data-parent=\"#accordionExample\">\n        <div class=\"card-body\">\n            <p>\n                Lorem ipsum dolor sit amet, consectetur adipisicing elit. Qui consectetur at, sunt maxime, quod alias ullam officiis, ex necessitatibus similique odio aut! Provident, adipisci esse vero magni necessitatibus quisquam commodi.\n            <\/p>\n        <\/div>\n    <\/div>\n<\/div><div class=\"card\">\n    <div class=\"card-header\" id=\"headingThree\">\n        <h4 class=\"mb-0\" data-toggle=\"collapse\" data-target=\"#collapseThree\" aria-expanded=\"true\" aria-controls=\"collapseThree\">\n              What kind of data is needed for analysis??\n        <\/h4>\n    <\/div>\n\n    <div id=\"collapseThree\" class=\"collapse \" aria-labelledby=\"headingThree\" data-parent=\"#accordionExample\">\n        <div class=\"card-body\">\n            <p>\n                Lorem ipsum dolor sit amet, consectetur adipisicing elit. Qui consectetur at, sunt maxime, quod alias ullam officiis, ex necessitatibus similique odio aut! Provident, adipisci esse vero magni necessitatibus quisquam commodi.\n            <\/p>\n        <\/div>\n    <\/div>\n<\/div><\/div>\n                        <\/div>\n                    <\/div>\n                    \n                <\/div>\n            <\/div>\n        <\/div>\n    <\/div>\n    <!-- End Faq -->[\/vc_column][\/vc_row]<\/p>\n<\/div>","protected":false},"excerpt":{"rendered":"<p>[vc_row][vc_column][\/vc_column][\/vc_row][vc_row][vc_column][\/vc_column][\/vc_row][vc_row disable_element=&#8221;yes&#8221;][vc_column][\/vc_column][\/vc_row][vc_row disable_element=&#8221;yes&#8221;][vc_column][\/vc_column][\/vc_row][vc_row][vc_column][\/vc_column][\/vc_row]<\/p>\n","protected":false},"author":2,"featured_media":59,"parent":0,"menu_order":0,"comment_status":"closed","ping_status":"closed","template":"page-templates\/pages.php","meta":[],"aioseo_notices":[],"_links":{"self":[{"href":"https:\/\/www.s4f.com.tr\/index.php\/wp-json\/wp\/v2\/pages\/57"}],"collection":[{"href":"https:\/\/www.s4f.com.tr\/index.php\/wp-json\/wp\/v2\/pages"}],"about":[{"href":"https:\/\/www.s4f.com.tr\/index.php\/wp-json\/wp\/v2\/types\/page"}],"author":[{"embeddable":true,"href":"https:\/\/www.s4f.com.tr\/index.php\/wp-json\/wp\/v2\/users\/2"}],"replies":[{"embeddable":true,"href":"https:\/\/www.s4f.com.tr\/index.php\/wp-json\/wp\/v2\/comments?post=57"}],"version-history":[{"count":10,"href":"https:\/\/www.s4f.com.tr\/index.php\/wp-json\/wp\/v2\/pages\/57\/revisions"}],"predecessor-version":[{"id":1500,"href":"https:\/\/www.s4f.com.tr\/index.php\/wp-json\/wp\/v2\/pages\/57\/revisions\/1500"}],"wp:featuredmedia":[{"embeddable":true,"href":"https:\/\/www.s4f.com.tr\/index.php\/wp-json\/wp\/v2\/media\/59"}],"wp:attachment":[{"href":"https:\/\/www.s4f.com.tr\/index.php\/wp-json\/wp\/v2\/media?parent=57"}],"curies":[{"name":"wp","href":"https:\/\/api.w.org\/{rel}","templated":true}]}}