{"id":1537,"date":"2023-12-11T11:25:52","date_gmt":"2023-12-11T11:25:52","guid":{"rendered":"http:\/\/s4f.com.tr\/?page_id=1537"},"modified":"2023-12-11T12:51:55","modified_gmt":"2023-12-11T12:51:55","slug":"sap-kdv-iade-cozumu","status":"publish","type":"page","link":"https:\/\/www.s4f.com.tr\/index.php\/sap-kdv-iade-cozumu\/","title":{"rendered":"Sap Kdv \u0130ade \u00c7\u00f6z\u00fcm\u00fc"},"content":{"rendered":"<div class=\"wpb-content-wrapper\"><p>[vc_row][vc_column]<!-- Star Faq\n    ============================================= -->\n    <div class=\"faq-area overflow-hidden rectangular-shape default-padding\">\n        <div class=\"container\">\n            <div class=\"faq-items\">\n                <div class=\"row align-center\">\n\n                    <div class=\"col-lg-6\">\n                        <div class=\"thumb wow fadeInLeft\" data-wow-delay=\"0.5s\">\n                            <img src=\"https:\/\/www.s4f.com.tr\/wp-content\/uploads\/2021\/07\/4-3.png\" alt=\"Thumb\">\n                        <\/div>\n                    <\/div>\n\n                    <div class=\"col-lg-6\">\n                        <div class=\"faq-content\">\n                            <h5>Sap Kdv \u0130ade \u00c7\u00f6z\u00fcm\u00fc<\/h5>\n                            <h2 class=\"area-title\"><\/h2>\n                            <div class=\"accordion\" id=\"accordionExample\"><div class=\"card\">\n    <div class=\"card-header\" id=\"headingOne\">\n        <h4 class=\"mb-0\" data-toggle=\"collapse\" data-target=\"#collapseOne\" aria-expanded=\"true\" aria-controls=\"collapseOne\">\n              Sap Kdv \u0130ade \u00c7\u00f6z\u00fcm\u00fcn\u00fcn Amac\u0131?\n        <\/h4>\n    <\/div>\n\n    <div id=\"collapseOne\" class=\"collapse show\" aria-labelledby=\"headingOne\" data-parent=\"#accordionExample\">\n        <div class=\"card-body\">\n            <p>\n                Sap KDV \u0130ade \u00c7\u00f6z\u00fcm\u00fc, KDV kanunu ve uygulama tebli\u011fleri do\u011frultusunda Gelir \u0130daresi Ba\u015fkanl\u0131\u011f\u0131\u2019n\u0131n istedi\u011fi format ve \u00e7\u0131kt\u0131larla, manuel u\u011fra\u015fmaya gerek kalmadan otomatik olarak SAP R3 ve Hana sistemlerinden gerekli raporlar\u0131n al\u0131nmas\u0131n\u0131 sa\u011flamaktad\u0131r.\n            <\/p>\n        <\/div>\n    <\/div>\n<\/div><div class=\"card\">\n    <div class=\"card-header\" id=\"headingTwo\">\n        <h4 class=\"mb-0\" data-toggle=\"collapse\" data-target=\"#collapseTwo\" aria-expanded=\"true\" aria-controls=\"collapseTwo\">\n              Sap Kdv \u0130ade \u00c7\u00f6z\u00fcm\u00fc Fonksiyonel \u0130\u00e7erik?\n        <\/h4>\n    <\/div>\n\n    <div id=\"collapseTwo\" class=\"collapse \" aria-labelledby=\"headingTwo\" data-parent=\"#accordionExample\">\n        <div class=\"card-body\">\n            <p>\n                Duran Varl\u0131k Al\u0131mlar\u0131 Hesaplamalar\u0131<br \/>\nYat\u0131r\u0131m Al\u0131mlar\u0131 Hesaplamalar\u0131<br \/>\nMalzeme Al\u0131mlar\u0131 Hesaplamalar\u0131<br \/>\nGenel \u00dcretim Giderleri Hesaplamalar\u0131<br \/>\nDi\u011fer Giderler\n            <\/p>\n        <\/div>\n    <\/div>\n<\/div><div class=\"card\">\n    <div class=\"card-header\" id=\"headingThree\">\n        <h4 class=\"mb-0\" data-toggle=\"collapse\" data-target=\"#collapseThree\" aria-expanded=\"true\" aria-controls=\"collapseThree\">\n              Kdv \u0130ade \u00c7\u00f6z\u00fcm\u00fc Yasal Raporlar?\n        <\/h4>\n    <\/div>\n\n    <div id=\"collapseThree\" class=\"collapse \" aria-labelledby=\"headingThree\" data-parent=\"#accordionExample\">\n        <div class=\"card-body\">\n            <p>\n                \u0130ndirilecek KDV Raporu<br \/>\nY\u00fcklenim KDV Raporu<br \/>\nYurt i\u00e7i Sat\u0131\u015f Raporu<br \/>\n\u0130hracat Raporu<br \/>\n\u0130stisna Sat\u0131\u015f Raporu<br \/>\n\u0130hra\u00e7 Kay\u0131tl\u0131 Sat\u0131\u015f Raporu<br \/>\nTevfikatl\u0131 Sat\u0131\u015f Raporu<br \/>\nG\u00fcmr\u00fck \u00c7\u0131k\u0131\u015f Raporu\n            <\/p>\n        <\/div>\n    <\/div>\n<\/div><div class=\"card\">\n    <div class=\"card-header\" id=\"headingFour\">\n        <h4 class=\"mb-0\" data-toggle=\"collapse\" data-target=\"#collapseFour\" aria-expanded=\"true\" aria-controls=\"collapseFour\">\n              Kdv \u0130ade \u00c7\u00f6z\u00fcm\u00fc \u00d6zel Raporlar ?\n        <\/h4>\n    <\/div>\n\n    <div id=\"collapseFour\" class=\"collapse \" aria-labelledby=\"headingFour\" data-parent=\"#accordionExample\">\n        <div class=\"card-body\">\n            <p>\n                Analiz Raporu<br \/>\nMalzeme Raporu<br \/>\nDuran Varl\u0131k Raporu<br \/>\nGider Raporu<br \/>\nYat\u0131r\u0131m Raporu<br \/>\nGenel \u00dcretim Gideri<br \/>\nSat\u0131\u015f Raporu<br \/>\nDetay \u0130ndirilecek KDV Raporu<br \/>\nEksik Malzeme Raporu\n            <\/p>\n        <\/div>\n    <\/div>\n<\/div><\/div>\n                        <\/div>\n                    <\/div>\n                    \n                <\/div>\n            <\/div>\n        <\/div>\n    <\/div>\n    <!-- End Faq -->[\/vc_column][\/vc_row]<\/p>\n<\/div>","protected":false},"excerpt":{"rendered":"<p>[vc_row][vc_column][\/vc_column][\/vc_row]<\/p>\n","protected":false},"author":2,"featured_media":1022,"parent":0,"menu_order":1,"comment_status":"closed","ping_status":"closed","template":"page-templates\/pages.php","meta":[],"aioseo_notices":[],"_links":{"self":[{"href":"https:\/\/www.s4f.com.tr\/index.php\/wp-json\/wp\/v2\/pages\/1537"}],"collection":[{"href":"https:\/\/www.s4f.com.tr\/index.php\/wp-json\/wp\/v2\/pages"}],"about":[{"href":"https:\/\/www.s4f.com.tr\/index.php\/wp-json\/wp\/v2\/types\/page"}],"author":[{"embeddable":true,"href":"https:\/\/www.s4f.com.tr\/index.php\/wp-json\/wp\/v2\/users\/2"}],"replies":[{"embeddable":true,"href":"https:\/\/www.s4f.com.tr\/index.php\/wp-json\/wp\/v2\/comments?post=1537"}],"version-history":[{"count":21,"href":"https:\/\/www.s4f.com.tr\/index.php\/wp-json\/wp\/v2\/pages\/1537\/revisions"}],"predecessor-version":[{"id":1568,"href":"https:\/\/www.s4f.com.tr\/index.php\/wp-json\/wp\/v2\/pages\/1537\/revisions\/1568"}],"wp:featuredmedia":[{"embeddable":true,"href":"https:\/\/www.s4f.com.tr\/index.php\/wp-json\/wp\/v2\/media\/1022"}],"wp:attachment":[{"href":"https:\/\/www.s4f.com.tr\/index.php\/wp-json\/wp\/v2\/media?parent=1537"}],"curies":[{"name":"wp","href":"https:\/\/api.w.org\/{rel}","templated":true}]}}